{"id":5083,"date":"2015-05-24T07:28:30","date_gmt":"2015-05-24T07:28:30","guid":{"rendered":"http:\/\/webnus.biz\/themes\/churchsuite\/?page_id=5083"},"modified":"2024-10-28T16:07:34","modified_gmt":"2024-10-28T16:07:34","slug":"contactos","status":"publish","type":"page","link":"https:\/\/csparoes.pt\/index.php\/contactos\/","title":{"rendered":"Contactos"},"content":{"rendered":"[vc_row row_type=&#8221;2&#8243; blox_height=&#8221;280&#8243; blox_image=&#8221;7804&#8243; page_title=&#8221;page-title-x&#8221; blox_dark=&#8221;true&#8221; video_type=&#8221;video\/youtube&#8221;][vc_column][\/vc_column][\/vc_row][vc_row video_url=&#8221;&#8221; video_type=&#8221;video\/youtube&#8221;][vc_column]<hr class=\"vertical-space4\">[vc_custom_heading text=&#8221;CONTACTE-NOS&#8221; font_container=&#8221;tag:h2|text_align:center&#8221; google_fonts=&#8221;font_family:Playfair%20Display%3Aregular%2Citalic%2C700%2C700italic%2C900%2C900italic|font_style:400%20regular%3A400%3Anormal&#8221;][vc_column_text]\n<p style=\"margin-top: 15px; text-align: center;\">Mantenha-se em contacto connosco para mais informa\u00e7\u00f5es<\/p>\n[\/vc_column_text]<div class=\"sub-content\"><h6 class=\"h-sub-content\">Mensagem de Pe. Jos\u00e9 Bento<\/h6><\/div>[\/vc_column][\/vc_row][vc_row video_url=&#8221;&#8221; video_type=&#8221;video\/youtube&#8221;][vc_column width=&#8221;1\/4&#8243;][vc_single_image image=&#8221;7870&#8243; img_size=&#8221;medium&#8221;][\/vc_column][vc_column width=&#8221;3\/4&#8243;][vc_column_text]<strong>Ol\u00e1 seja bem-vindo<br \/>\n<\/strong><\/p>\n<p><span id=\"result_box\" class=\"\" lang=\"pt\">\u00c9 sempre uma verdadeira alegria para nos encontrarmos e ter novos membros no nosso website. O nosso objetivo \u00e9 ter uma abordagem diferente em estender a m\u00e3o e ajudar as pessoas ao longo da sua jornada. Ressaltamos a relev\u00e2ncia cultural de utilizar todos os <span class=\"\">meios de comunica\u00e7\u00e3o<\/span> <span class=\"\">e os meios para<\/span> comunicar a nossa mensagem. \u00c9 muito <span class=\"\">importante acreditar<\/span>.<\/span><\/p>\n<blockquote><p>Sinta-se livre de nos consultar para se informar\u00a0 de todas as nossas atividades. Junte-se \u00e1 nossa fam\u00edlia!<\/p><\/blockquote>\n<p>Pode ligar-nos ou enviar e-mail para se informar, n\u00f3s ficaremos muito felizes em v\u00ea-lo nas nossas atividades.[\/vc_column_text][\/vc_column][\/vc_row][vc_row video_url=&#8221;&#8221; video_type=&#8221;video\/youtube&#8221;][vc_column width=&#8221;1\/2&#8243;]\n<div class=\"wpcf7 no-js\" id=\"wpcf7-f7787-o1\" lang=\"pt-PT\" dir=\"ltr\" data-wpcf7-id=\"7787\">\n<div class=\"screen-reader-response\"><p role=\"status\" aria-live=\"polite\" aria-atomic=\"true\"><\/p> <ul><\/ul><\/div>\n<form action=\"\/index.php\/wp-json\/wp\/v2\/pages\/5083#wpcf7-f7787-o1\" method=\"post\" class=\"wpcf7-form init\" aria-label=\"Formul\u00e1rio de contacto\" novalidate=\"novalidate\" data-status=\"init\">\n<div style=\"display: none;\">\n<input type=\"hidden\" name=\"_wpcf7\" value=\"7787\" \/>\n<input type=\"hidden\" name=\"_wpcf7_version\" value=\"6.0.6\" \/>\n<input type=\"hidden\" name=\"_wpcf7_locale\" value=\"pt_PT\" \/>\n<input type=\"hidden\" name=\"_wpcf7_unit_tag\" value=\"wpcf7-f7787-o1\" \/>\n<input type=\"hidden\" name=\"_wpcf7_container_post\" value=\"0\" \/>\n<input type=\"hidden\" name=\"_wpcf7_posted_data_hash\" value=\"\" \/>\n<\/div>\n<p>Nome (obrigat\u00f3rio)\n<\/p>\n<p><span class=\"wpcf7-form-control-wrap\" data-name=\"your-name\"><input size=\"40\" maxlength=\"400\" class=\"wpcf7-form-control wpcf7-text wpcf7-validates-as-required\" aria-required=\"true\" aria-invalid=\"false\" value=\"\" type=\"text\" name=\"your-name\" \/><\/span>\n<\/p>\n<p>Email (obrigat\u00f3rio)\n<\/p>\n<p><span class=\"wpcf7-form-control-wrap\" data-name=\"your-email\"><input size=\"40\" maxlength=\"400\" class=\"wpcf7-form-control wpcf7-email wpcf7-validates-as-required wpcf7-text wpcf7-validates-as-email\" aria-required=\"true\" aria-invalid=\"false\" value=\"\" type=\"email\" name=\"your-email\" \/><\/span>\n<\/p>\n<p>Assunto\n<\/p>\n<p><span class=\"wpcf7-form-control-wrap\" data-name=\"your-subject\"><input size=\"40\" maxlength=\"400\" class=\"wpcf7-form-control wpcf7-text\" aria-invalid=\"false\" value=\"\" type=\"text\" name=\"your-subject\" \/><\/span>\n<\/p>\n<p>Mensagem\n<\/p>\n<p><span class=\"wpcf7-form-control-wrap\" data-name=\"your-message\"><textarea cols=\"40\" rows=\"10\" maxlength=\"2000\" class=\"wpcf7-form-control wpcf7-textarea\" aria-invalid=\"false\" name=\"your-message\"><\/textarea><\/span>\n<\/p>\n<div id=\"cf7sr-69ee20aecf3c3\" class=\"cf7sr-g-recaptcha\" data-theme=\"light\" data-type=\"image\" data-size=\"normal\" data-sitekey=\"6Ld_OzwaAAAAAIWzZYa7XyKi_Tv-BedStXUa7JE4\"><\/div><span class=\"wpcf7-form-control-wrap cf7sr-recaptcha\" data-name=\"cf7sr-recaptcha\"><input type=\"hidden\" name=\"cf7sr-recaptcha\" value=\"\" class=\"wpcf7-form-control\"><\/span>\n<\/p>\n<p><input class=\"wpcf7-form-control wpcf7-submit has-spinner\" type=\"submit\" value=\"Enviar\" \/>\n<\/p><p style=\"display: none !important;\" class=\"akismet-fields-container\" data-prefix=\"_wpcf7_ak_\"><label>&#916;<textarea name=\"_wpcf7_ak_hp_textarea\" cols=\"45\" rows=\"8\" maxlength=\"100\"><\/textarea><\/label><input type=\"hidden\" id=\"ak_js_1\" name=\"_wpcf7_ak_js\" value=\"207\"\/><script>document.getElementById( \"ak_js_1\" ).setAttribute( \"value\", ( new Date() ).getTime() );<\/script><\/p><div class=\"wpcf7-response-output\" aria-hidden=\"true\"><\/div>\n<\/form>\n<\/div>\n[\/vc_column][vc_column width=&#8221;1\/2&#8243;]<div class=\"sub-content\"><h6 class=\"h-sub-content\"><\/h6><\/div>[vc_column_text]\n<h5><strong>MORADA<br \/>\n<\/strong><\/h5>\n<p>Rua Abade Ant\u00f3nio dos Santos n\u00ba15.\u00a0\u00a03730 &#8211; 001 Ar\u00f5es, Vale de Cambra<\/p>\n<h5><strong>EMAILS<\/strong><\/h5>\n<p>Dire\u00e7\u00e3o T\u00e9cnica: <a href=\"mailto:direcaotecnica@csparoes.pt\" target=\"_blank\" rel=\"noopener\">direcaotecnica@csparoes.pt<\/a><br \/>\nAdministrativa: <a href=\"mailto:geral@csparoes.pt\" target=\"_blank\" rel=\"noopener\">geral@csparoes.pt<\/a><br \/>\nSAD: <a href=\"mailto:sad@csparoes.pt\" target=\"_blank\" rel=\"noopener\">sad@csparoes.pt<\/a><br \/>\nCD: <a href=\"mailto:cd@csparoes.pt\" target=\"_blank\" rel=\"noopener\">cd@csparoes.pt<\/a><br \/>\nEnfermagem: <a href=\"mailto:enfermagem@csparoes.pt\" target=\"_blank\" rel=\"noopener\">enfermagem@csparoes.pt<\/a><br \/>\nSAAS: <a href=\"mailto:saas@csparoes.pt\" target=\"_blank\" rel=\"noopener\">saas@csparoes.pt<\/a><\/p>\n<h5><strong>TELEFONE<\/strong><\/h5>\n<p>256 40 29 69\u00a0 |\u00a0 962 867 328<\/p>\n<h5><strong>REDES SOCIAIS<\/strong><\/h5>\n<p><a href=\"https:\/\/www.facebook.com\/csp.aroes\/\" target=\"_blank\" rel=\"noopener\">Facebook<\/a>[\/vc_column_text]<article class=\"icon-box1\" ><i class=\"fa-clock-o\" style=\"\"><\/i><h4>Hor\u00e1rio de Atendimento<\/h4><p>Geral: 2\u00aa a 6\u00aa das 9h \u00e0s 17h. SAAS: 2\u00aa das 9h \u00e0s 17h<br \/>\n<\/p><\/article><article class=\"icon-box1\" ><i class=\"fa-clock-o\" style=\"\"><\/i><h4>Hor\u00e1rio de Funcionamento<\/h4><p>ERPI: 24 horas<br \/>\nSAD: 2\u00aa a 6\u00aa das 8h \u00e0s 18h, fins de semana e feriados das 7h \u00e0s 13h<br \/>\nCD: 2\u00aa a 6\u00aa das 8h \u00e0s 16h, fins de semana e feriados: encerrado<br \/>\nSAAS: 2\u00aa a 6\u00aa das 9h \u00e0s 17h<br \/>\n<\/p><\/article>[\/vc_column][\/vc_row][vc_row row_type=&#8221;1&#8243; video_type=&#8221;video\/youtube&#8221;][vc_column][vc_raw_html]JTNDaWZyYW1lJTIwc3JjJTNEJTIyaHR0cHMlM0ElMkYlMkZ3d3cuZ29vZ2xlLmNvbSUyRm1hcHMlMkZlbWJlZCUzRnBiJTNEJTIxMW0xOCUyMTFtMTIlMjExbTMlMjExZDEzMTcuMTY5NjA4OTkwOTk3JTIxMmQtOC4zMDExMjY1MzMzOTk4NSUyMTNkNDAuNzk4OTQwNTQ0Nzc5OTc0JTIxMm0zJTIxMWYwJTIxMmYwJTIxM2YwJTIxM20yJTIxMWkxMDI0JTIxMmk3NjglMjE0ZjEzLjElMjEzbTMlMjExbTIlMjExczB4ZDIzNmZmODFmYTQ4YTgxJTI1M0EweGQwMGQ2MTZjMDQyNTM5MjUlMjEyc0NlbnRybyUyNTIwU29jaWFsJTI1MjBQYXJvcXVpYWwlMjUyMGRlJTI1MjBBciUyNUMzJTI1QjVlcyUyMTVlMSUyMTNtMiUyMTFzcHQtUFQlMjEyc3B0JTIxNHYxNzI4Mzg0NTc1MzYyJTIxNW0yJTIxMXNwdC1QVCUyMTJzcHQlMjIlMjB3aWR0aCUzRDEwMCUyNSUyMGhlaWdodCUzRCUyMjQ1MCUyMiUyMHN0eWxlJTNEJTIyYm9yZGVyJTNBMCUzQiUyMiUyMGFsbG93ZnVsbHNjcmVlbiUzRCUyMiUyMiUyMGxvYWRpbmclM0QlMjJsYXp5JTIyJTIwcmVmZXJyZXJwb2xpY3klM0QlMjJuby1yZWZlcnJlci13aGVuLWRvd25ncmFkZSUyMiUzRSUzQyUyRmlmcmFtZSUzRQ==[\/vc_raw_html][\/vc_column][\/vc_row][vc_row video_url=&#8221;&#8221; video_type=&#8221;video\/youtube&#8221;][vc_column][\/vc_column][\/vc_row]\n","protected":false},"excerpt":{"rendered":"<p>[vc_row row_type=&#8221;2&#8243; blox_height=&#8221;280&#8243; blox_image=&#8221;7804&#8243; page_title=&#8221;page-title-x&#8221; blox_dark=&#8221;true&#8221; video_type=&#8221;video\/youtube&#8221;][vc_column][\/vc_column][\/vc_row][vc_row video_url=&#8221;&#8221; video_type=&#8221;video\/youtube&#8221;][vc_column][vc_custom_heading text=&#8221;CONTACTE-NOS&#8221; font_container=&#8221;tag:h2|text_align:center&#8221; google_fonts=&#8221;font_family:Playfair%20Display%3Aregular%2Citalic%2C700%2C700italic%2C900%2C900italic|font_style:400%20regular%3A400%3Anormal&#8221;][vc_column_text] Mantenha-se em contacto connosco para mais informa\u00e7\u00f5es [\/vc_column_text][\/vc_column][\/vc_row][vc_row video_url=&#8221;&#8221; video_type=&#8221;video\/youtube&#8221;][vc_column width=&#8221;1\/4&#8243;][vc_single_image image=&#8221;7870&#8243; img_size=&#8221;medium&#8221;][\/vc_column][vc_column width=&#8221;3\/4&#8243;][vc_column_text]Ol\u00e1 seja bem-vindo \u00c9 sempre uma verdadeira alegria para nos encontrarmos e ter novos membros no nosso website. O nosso objetivo \u00e9 ter uma abordagem diferente em estender a m\u00e3o e ajudar as pessoas ao longo da sua jornada. Ressaltamos a relev\u00e2ncia cultural de utilizar todos os meios de comunica\u00e7\u00e3o e os meios para comunicar a nossa mensagem. \u00c9 muito importante acreditar. Sinta-se livre de nos consultar para se informar\u00a0 de todas as nossas atividades. Junte-se \u00e1 nossa fam\u00edlia! Pode ligar-nos ou enviar e-mail para se informar, n\u00f3s ficaremos muito felizes em v\u00ea-lo nas nossas atividades.[\/vc_column_text][\/vc_column][\/vc_row][vc_row video_url=&#8221;&#8221; video_type=&#8221;video\/youtube&#8221;][vc_column width=&#8221;1\/2&#8243;][\/vc_column][vc_column width=&#8221;1\/2&#8243;][vc_column_text] MORADA Rua Abade Ant\u00f3nio dos Santos n\u00ba15.\u00a0\u00a03730 &#8211; 001 Ar\u00f5es, Vale de Cambra EMAILS Dire\u00e7\u00e3o T\u00e9cnica: direcaotecnica@csparoes.pt Administrativa: geral@csparoes.pt SAD: sad@csparoes.pt CD: cd@csparoes.pt Enfermagem: enfermagem@csparoes.pt SAAS: saas@csparoes.pt TELEFONE 256 40 29 69\u00a0 |\u00a0 962 867 328 REDES SOCIAIS Facebook[\/vc_column_text][\/vc_column][\/vc_row][vc_row row_type=&#8221;1&#8243; video_type=&#8221;video\/youtube&#8221;][vc_column][vc_raw_html]JTNDaWZyYW1lJTIwc3JjJTNEJTIyaHR0cHMlM0ElMkYlMkZ3d3cuZ29vZ2xlLmNvbSUyRm1hcHMlMkZlbWJlZCUzRnBiJTNEJTIxMW0xOCUyMTFtMTIlMjExbTMlMjExZDEzMTcuMTY5NjA4OTkwOTk3JTIxMmQtOC4zMDExMjY1MzMzOTk4NSUyMTNkNDAuNzk4OTQwNTQ0Nzc5OTc0JTIxMm0zJTIxMWYwJTIxMmYwJTIxM2YwJTIxM20yJTIxMWkxMDI0JTIxMmk3NjglMjE0ZjEzLjElMjEzbTMlMjExbTIlMjExczB4ZDIzNmZmODFmYTQ4YTgxJTI1M0EweGQwMGQ2MTZjMDQyNTM5MjUlMjEyc0NlbnRybyUyNTIwU29jaWFsJTI1MjBQYXJvcXVpYWwlMjUyMGRlJTI1MjBBciUyNUMzJTI1QjVlcyUyMTVlMSUyMTNtMiUyMTFzcHQtUFQlMjEyc3B0JTIxNHYxNzI4Mzg0NTc1MzYyJTIxNW0yJTIxMXNwdC1QVCUyMTJzcHQlMjIlMjB3aWR0aCUzRDEwMCUyNSUyMGhlaWdodCUzRCUyMjQ1MCUyMiUyMHN0eWxlJTNEJTIyYm9yZGVyJTNBMCUzQiUyMiUyMGFsbG93ZnVsbHNjcmVlbiUzRCUyMiUyMiUyMGxvYWRpbmclM0QlMjJsYXp5JTIyJTIwcmVmZXJyZXJwb2xpY3klM0QlMjJuby1yZWZlcnJlci13aGVuLWRvd25ncmFkZSUyMiUzRSUzQyUyRmlmcmFtZSUzRQ==[\/vc_raw_html][\/vc_column][\/vc_row][vc_row video_url=&#8221;&#8221; video_type=&#8221;video\/youtube&#8221;][vc_column][\/vc_column][\/vc_row]<\/p>\n","protected":false},"author":1,"featured_media":0,"parent":0,"menu_order":0,"comment_status":"closed","ping_status":"closed","template":"","meta":{"footnotes":""},"class_list":["post-5083","page","type-page","status-publish","hentry"],"aioseo_notices":[],"_links":{"self":[{"href":"https:\/\/csparoes.pt\/index.php\/wp-json\/wp\/v2\/pages\/5083","targetHints":{"allow":["GET"]}}],"collection":[{"href":"https:\/\/csparoes.pt\/index.php\/wp-json\/wp\/v2\/pages"}],"about":[{"href":"https:\/\/csparoes.pt\/index.php\/wp-json\/wp\/v2\/types\/page"}],"author":[{"embeddable":true,"href":"https:\/\/csparoes.pt\/index.php\/wp-json\/wp\/v2\/users\/1"}],"replies":[{"embeddable":true,"href":"https:\/\/csparoes.pt\/index.php\/wp-json\/wp\/v2\/comments?post=5083"}],"version-history":[{"count":111,"href":"https:\/\/csparoes.pt\/index.php\/wp-json\/wp\/v2\/pages\/5083\/revisions"}],"predecessor-version":[{"id":22111,"href":"https:\/\/csparoes.pt\/index.php\/wp-json\/wp\/v2\/pages\/5083\/revisions\/22111"}],"wp:attachment":[{"href":"https:\/\/csparoes.pt\/index.php\/wp-json\/wp\/v2\/media?parent=5083"}],"curies":[{"name":"wp","href":"https:\/\/api.w.org\/{rel}","templated":true}]}}